{"id":2636,"date":"2021-04-22T13:25:11","date_gmt":"2021-04-22T10:25:11","guid":{"rendered":"http:\/\/birdilektut.org\/en\/?page_id=2636"},"modified":"2021-05-12T14:30:47","modified_gmt":"2021-05-12T11:30:47","slug":"birthday-donation","status":"publish","type":"page","link":"http:\/\/birdilektut.org\/en\/birthday-donation\/","title":{"rendered":"Birthday Donation"},"content":{"rendered":"<p><section class=\"kc-elm kc-css-993191 kc_row\"><div class=\"kc-row-container  kc-container\"><div class=\"kc-wrap-columns\"><div class=\"kc-elm kc-css-797761 kc_col-sm-12 kc_column kc_col-sm-12\"><div class=\"kc-col-container\">\n<div class=\"kc-elm kc-css-923364 kc-title-wrap \">\n\n\t<h1 class=\"kc_title\">Donate Your Birthday<\/h1>\n<\/div>\n<\/div><\/div><\/div><\/div><\/section><section class=\"kc-elm kc-css-987938 kc_row\"><div class=\"kc-row-container  kc-container\"><div class=\"kc-wrap-columns\"><div class=\"kc-elm kc-css-865148 kc_col-sm-6 kc_column kc_col-sm-6\"><div class=\"kc-col-container\"><div class=\"kc-elm kc-css-861655 kc_shortcode kc_single_image\">\n\n        <img src=\"http:\/\/birdilektut.org\/wp-content\/uploads\/2020\/07\/shutterstock_704750644-scaled.jpg\" class=\"\" alt=\"\" \/>    <\/div>\n<div class=\"kc-elm kc-css-400406\" style=\"height: 30px; clear: both; width:100%;\"><\/div><\/div><\/div><div class=\"kc-elm kc-css-82296 kc_col-sm-6 kc_column kc_col-sm-6\"><div class=\"kc-col-container\"><div class=\"kc-elm kc-css-262999 kc_text_block\"><\/p>\n<p>Make-A-Wish Foundation grants the wishes of children between the ages of 3 and 18 who are struggling with life-threatening diseases.<\/p>\n<p>Our foundation introduces Wish Children to a magical world in which everyone is working hard to grant them the one true wish they&#039;ve always wanted.<\/p>\n<p>This year, let&#039;s give up our birthday gifts to help Wish Children. We will ask our friends and family to donate what they would have spent on our birthday gifts to Make-A-Wish T\u00fcrkiye.\u00a0<\/p>\n<p>\n<\/div><\/div><\/div><\/div><\/div><\/section><section class=\"kc-elm kc-css-569086 kc_row\"><div class=\"kc-row-container  kc-container\"><div class=\"kc-wrap-columns\"><div class=\"kc-elm kc-css-620489 kc_col-sm-12 kc_column kc_col-sm-12\"><div class=\"kc-col-container\"><div class=\"kc-elm kc-css-284957 kc_text_block\"><\/p>\n<p>We expect the support of all the generous people who want to join our campaign. Wish children need us more than ever during these hard days. In order to help them, we can ask our loved ones to support our birthday campaigns. We simply need to set up our fundraising pages, send the pages around, and our gifts will become donations for wish children.<\/p>\n<p>You can fill out the form to donate your birthday or call us for more information.<\/p>\n<p>\n<\/div><\/div><\/div><\/div><\/div><\/section><section class=\"kc-elm kc-css-162766 kc_row\"><div class=\"kc-row-container  kc-container\"><div class=\"kc-wrap-columns\"><div class=\"kc-elm kc-css-676365 kc_col-sm-6 kc_column kc_col-sm-6\"><div class=\"kc-col-container\"><div class=\"kc-elm kc-css-883066 kc_shortcode kc_single_image\">\n\n        <img src=\"http:\/\/birdilektut.org\/wp-content\/uploads\/2020\/07\/shutterstock_704750644-scaled.jpg\" class=\"\" alt=\"\" \/>    <\/div>\n<div class=\"kc-elm kc-css-685335\" style=\"height: 30px; clear: both; width:100%;\"><\/div><\/div><\/div><div class=\"kc-elm kc-css-951771 kc_col-sm-6 kc_column kc_col-sm-6\"><div class=\"kc-col-container\"><div class=\"kc-elm kc-css-272068 kc_text_block\"><\/p>\n<p><b>Make A Wish Turkey <\/b>fulfills the\u00a0wishes of children with life-threatening illnesses between the ages of 3 and 18 years old.\u00a0<span style=\"font-style: inherit;\">Our foundation introduces Wish Children to a magical world in which everyone is working hard to grant them the one true wish they&#039;ve always wanted.<\/span><\/p>\n<p>In the light of the feedback received from doctors, these experiences contribute to a recovery of 72%.<\/p>\n<p>This year, let&#039;s give up our birthday gifts to help Wish Children. We will ask our friends and family to donate what they would have spent on our birthday gifts to Make-A-Wish T\u00fcrkiye Foundation.\u00a0<\/p>\n<p>\n<\/div><\/div><\/div><\/div><\/div><\/section><section class=\"kc-elm kc-css-936060 kc_row\"><div class=\"kc-row-container  kc-container\"><div class=\"kc-wrap-columns\"><div class=\"kc-elm kc-css-403946 kc_col-sm-12 kc_column kc_col-sm-12\"><div class=\"kc-col-container\"><div class=\"kc-elm kc-css-227911 kc_text_block\"><\/p>\n<p>As we are all aware, The\u00a0COVID-19 pandemic has impacted every aspect of our lives, changing our social habits in a big way. Since it started, the concept of social distancing has postponed or cancelled many of our birthday celebrations. In\u00a0regard to this matter, Bir Dilek Tut &#8211; Make-A-Wish\u00ae Turkey as an international organization working to fulfill the wishes of children struggling with life-threatening diseases, has turned the birthdays that cannot be celebrated into a donation method for children struggling with difficult diseases. Many famous names have supported this cause by joining the Birthday Donation initiative. Elif Da\u011fdeviren, Farah Zeynep Abdullah, Irradiated, Berna La\u00e7in, Simge Sa\u011f\u0131n and \u015eafak Karaman have joined us on this to name a few.<\/p>\n<p>This year, instead of accepting gifts on our birthdays, let\u2019s donate our birthdays to Make-A-Wish Turkey for the fulfillment of children&#039;s wishes.<\/p>\n<p>We welcome all the big-hearted supporters who want to join our campaign.<\/p>\n<p>You can review the following presentation to learn about the process related to your birthday donation.<\/p>\n<p>\n<\/div><\/div><\/div><\/div><\/div><\/section><section class=\"kc-elm kc-css-491532 kc_row\"><div class=\"kc-row-container  kc-container\"><div class=\"kc-wrap-columns\"><div class=\"kc-elm kc-css-610939 kc_col-sm-12 kc_column kc_col-sm-12\"><div class=\"kc-col-container\"><div class=\"kc-elm kc-css-951517\" style=\"height: 40px; clear: both; width:100%;\"><\/div><div class=\"kc-elm kc-css-56325 kc_shortcode kc_single_image\">\n\n        <img src=\"http:\/\/birdilektut.org\/en\/wp-content\/uploads\/2021\/05\/Dogum-Gunu-Kampanyasi-Sunumu-sikistirildi-dragged-2-pdf.jpg\" class=\"\" alt=\"\" \/>    <\/div>\n<div class=\"kc-elm kc-css-596444\" style=\"height: 20px; clear: both; width:100%;\"><\/div><div class=\"kc-elm kc-css-899818 kc_shortcode kc_single_image\">\n\n        <img src=\"http:\/\/birdilektut.org\/en\/wp-content\/uploads\/2021\/05\/Dogum-Gunu-Kampanyasi-Sunumu-sikistirildi-dragged-3-pdf.jpg\" class=\"\" alt=\"\" \/>    <\/div>\n<div class=\"kc-elm kc-css-282504\" style=\"height: 20px; clear: both; width:100%;\"><\/div><div class=\"kc-elm kc-css-721323 kc_shortcode kc_single_image\">\n\n        <img src=\"http:\/\/birdilektut.org\/en\/wp-content\/uploads\/2021\/05\/Dogum-Gunu-Kampanyasi-Sunumu-sikistirildi-dragged-4-pdf.jpg\" class=\"\" alt=\"\" \/>    <\/div>\n<div class=\"kc-elm kc-css-443996\" style=\"height: 20px; clear: both; width:100%;\"><\/div><div class=\"kc-elm kc-css-516982 kc_shortcode kc_single_image\">\n\n        <img src=\"http:\/\/birdilektut.org\/en\/wp-content\/uploads\/2021\/05\/Dogum-Gunu-Kampanyasi-Sunumu-sikistirildi-dragged-5-pdf.jpg\" class=\"\" alt=\"\" \/>    <\/div>\n<div class=\"kc-elm kc-css-542023\" style=\"height: 40px; clear: both; width:100%;\"><\/div><div class=\"kc-elm kc-css-39852 kc_text_block\"><\/p>\n<p>You can fill out the form to donate your birthday or call us for more information.<\/p>\n<p>\n<\/div><\/div><\/div><\/div><\/div><\/section><section class=\"kc-elm kc-css-861207 kc_row\"><div class=\"kc-row-container  kc-container\"><div class=\"kc-wrap-columns\"><div class=\"kc-elm kc-css-983876 kc_col-sm-6 kc_column kc_col-sm-6\"><div class=\"kc-col-container\">\n<div class=\"kc-elm kc-css-10066\">\n\t<a class=\"kc_button\" href=\"#\" onclick=\"\">\n\t\tBirthday Donation Application Form\t<\/a>\n<\/div>\n<\/div><\/div><div class=\"kc-elm kc-css-148124 kc_col-sm-6 kc_column kc_col-sm-6\"><div class=\"kc-col-container\">\n<div class=\"kc-elm kc-css-536605\">\n\t<a class=\"kc_button\" href=\"tel:0533 303 10 71\" target=\"_self\" title=\"\" onclick=\"\">\n\t\t0533 303 10 71\t<\/a>\n<\/div>\n<\/div><\/div><\/div><\/div><\/section><\/p>\n","protected":false},"excerpt":{"rendered":"","protected":false},"author":1,"featured_media":0,"parent":0,"menu_order":0,"comment_status":"closed","ping_status":"closed","template":"","meta":{"spay_email":""},"_links":{"self":[{"href":"http:\/\/birdilektut.org\/en\/wp-json\/wp\/v2\/pages\/2636"}],"collection":[{"href":"http:\/\/birdilektut.org\/en\/wp-json\/wp\/v2\/pages"}],"about":[{"href":"http:\/\/birdilektut.org\/en\/wp-json\/wp\/v2\/types\/page"}],"author":[{"embeddable":true,"href":"http:\/\/birdilektut.org\/en\/wp-json\/wp\/v2\/users\/1"}],"replies":[{"embeddable":true,"href":"http:\/\/birdilektut.org\/en\/wp-json\/wp\/v2\/comments?post=2636"}],"version-history":[{"count":39,"href":"http:\/\/birdilektut.org\/en\/wp-json\/wp\/v2\/pages\/2636\/revisions"}],"predecessor-version":[{"id":2691,"href":"http:\/\/birdilektut.org\/en\/wp-json\/wp\/v2\/pages\/2636\/revisions\/2691"}],"wp:attachment":[{"href":"http:\/\/birdilektut.org\/en\/wp-json\/wp\/v2\/media?parent=2636"}],"curies":[{"name":"wp","href":"https:\/\/api.w.org\/{rel}","templated":true}]}}