{"id":2006,"date":"2021-03-24T08:27:13","date_gmt":"2021-03-24T08:27:13","guid":{"rendered":"http:\/\/birdilektut.org\/en\/?page_id=2006"},"modified":"2021-07-01T17:19:55","modified_gmt":"2021-07-01T14:19:55","slug":"videos","status":"publish","type":"page","link":"https:\/\/birdilektut.org\/en\/videos\/","title":{"rendered":"Videos"},"content":{"rendered":"<p><section class=\"kc-elm kc-css-223823 kc_row\"><div class=\"kc-row-container  kc-container\"><div class=\"kc-wrap-columns\"><div class=\"kc-elm kc-css-264190 kc_col-sm-12 kc_column kc_col-sm-12\"><div class=\"kc-col-container\">\n<div class=\"kc-elm kc-css-763425 kc-title-wrap \">\n\n\t<h1 class=\"kc_title\">Make-A-Wish T\u00fcrkiye YouTube<\/h1>\n<\/div>\n<\/div><\/div><\/div><\/div><\/section><section class=\"kc-elm kc-css-283459 kc_row\"><div class=\"kc-row-container  kc-container\"><div class=\"kc-wrap-columns\"><div class=\"kc-elm kc-css-480709 kc_col-sm-12 kc_column kc_col-sm-12\"><div class=\"kc-col-container\"><div class=\"kc-elm kc-css-796434 kc_row kc_row_inner\"><div class=\"kc-elm kc-css-324441 kc_col-sm-4 kc_column_inner kc_col-sm-4\"><div class=\"kc_wrapper kc-col-inner-container\"><div class=\"kc-elm kc-css-333877 kc_shortcode kc_single_image\">\n\n        <a  href=\"https:\/\/www.youtube.com\/watch?v=DoeHVdYaENw\" title=\"\" target=\"_self\">\n        <img src=\"https:\/\/birdilektut.org\/en\/wp-content\/uploads\/2021\/07\/maw-youtube-template2.jpg\" class=\"\" alt=\"\" \/>    <\/a>\n    <\/div>\n<\/div><\/div><div class=\"kc-elm kc-css-564039 kc_col-sm-4 kc_column_inner kc_col-sm-4\"><div class=\"kc_wrapper kc-col-inner-container\"><div class=\"kc-elm kc-css-165468 kc_shortcode kc_single_image\">\n\n        <a  href=\"https:\/\/www.youtube.com\/watch?v=Tgry5mnpd-I\" title=\"\" target=\"_self\">\n        <img src=\"http:\/\/birdilektut.org\/wp-content\/uploads\/2021\/06\/maw-youtube-template.jpg\" class=\"\" alt=\"\" \/>    <\/a>\n    \t    <p class=\"scapt\">Bir Dilek Tut Derne\u011fi\/Make-A-Wish T\u00fcrkiye olarak, Sales Network ile bir\u00e7ok Dilek \u00e7ocu\u011fumuzu hayallerine kavu\u015fturduk. Best of Sales Awards 2021\u2019de de Kurumsal \u0130yilik...<\/p>\n\t    <\/div>\n<\/div><\/div><div class=\"kc-elm kc-css-607925 kc_col-sm-4 kc_column_inner kc_col-sm-4\"><div class=\"kc_wrapper kc-col-inner-container\"><div class=\"kc-elm kc-css-907173 kc_shortcode kc_single_image\">\n\n        <a  href=\"https:\/\/www.youtube.com\/watch?v=bJdQ-aS2w8w\" title=\"\" target=\"_self\">\n        <img src=\"http:\/\/birdilektut.org\/wp-content\/uploads\/2021\/04\/Screen-Shot-2021-04-02-at-11.33.11.jpg\" class=\"\" alt=\"\" \/>    <\/a>\n    \t    <p class=\"scapt\">F\u00fct\u00fcrist Murat \u015eahin ile G\u00fcn Gelecek program\u0131 4. b\u00f6l\u00fcm\u00fc konu\u011fu olduk! :quot:G\u00fcn Gelecek:quot: program\u0131n\u0131n bu hafta konu\u011fu ba\u015far\u0131l\u0131 i\u015f insan\u0131 ve Make a Wish T\u00fcrkiye:apos:nin Ceo:apos:su F\u00fcsun \u00c7evikel Kuran oldu...<\/p>\n\t    <\/div>\n<\/div><\/div><\/div><div class=\"kc-elm kc-css-884835\" style=\"height: 40px; clear: both; width:100%;\"><\/div><div class=\"kc-elm kc-css-212391 kc_row kc_row_inner\"><div class=\"kc-elm kc-css-436492 kc_col-sm-4 kc_column_inner kc_col-sm-4\"><div class=\"kc_wrapper kc-col-inner-container\"><div class=\"kc-elm kc-css-819085 kc_shortcode kc_single_image\">\n\n        <a  href=\"https:\/\/www.youtube.com\/watch?v=t5LHlm5ab9c\" title=\"\" target=\"_self\">\n        <img src=\"http:\/\/birdilektut.org\/wp-content\/uploads\/2020\/10\/1.jpg\" class=\"\" alt=\"\" \/>    <\/a>\n    \t    <p class=\"scapt\">D\u00fcnya \u00c7ocuk G\u00fcn\u00fc Kutlu Olsun \u2b50 Bu y\u0131l Dilek \u00c7ocuklar\u0131m\u0131zla beraber, :quot:Benim Hayal D\u00fcnyam:quot: temal\u0131 etkinlik d\u00fczenledik... Keyifli ge\u00e7en bu etkinlik i\u00e7in Dilek \u00c7ocuklar\u0131m\u0131za \u00e7ok te\u015fekk\u00fcr ederiz \ud83d\ude4f\ud83c\udffc<\/p>\n\t    <\/div>\n<\/div><\/div><div class=\"kc-elm kc-css-837004 kc_col-sm-4 kc_column_inner kc_col-sm-4\"><div class=\"kc_wrapper kc-col-inner-container\"><div class=\"kc-elm kc-css-52798 kc_shortcode kc_single_image\">\n\n        <a  href=\"https:\/\/www.youtube.com\/watch?v=xIJRIIAtqyw&amp;t=1s\" title=\"\" target=\"_self\">\n        <img src=\"http:\/\/birdilektut.org\/wp-content\/uploads\/2020\/10\/2.jpg\" class=\"\" alt=\"\" \/>    <\/a>\n    \t    <p class=\"scapt\">Ge\u00e7ti\u011fimiz g\u00fcnlerde 500bininci dile\u011fimiz 16 ya\u015f\u0131ndaki Karina ve t\u00fcm d\u00fcnyadaki \u00e7ocuklar\u0131 davet etti\u011fi Karina Kamp\u0131\u2019nda ger\u00e7ekle\u015fti. \u00c7ocuklar\u0131n g\u00fcl\u00fcmsemesi i\u00e7in etkinlikler d\u00fczenledi. #KampKarina<\/p>\n\t    <\/div>\n<\/div><\/div><div class=\"kc-elm kc-css-404137 kc_col-sm-4 kc_column_inner kc_col-sm-4\"><div class=\"kc_wrapper kc-col-inner-container\"><div class=\"kc-elm kc-css-379905 kc_shortcode kc_single_image\">\n\n        <a  href=\"https:\/\/www.youtube.com\/watch?v=wCKmF0mliko\" title=\"\" target=\"_self\">\n        <img src=\"http:\/\/birdilektut.org\/wp-content\/uploads\/2020\/10\/3.jpg\" class=\"\" alt=\"\" \/>    <\/a>\n    \t    <p class=\"scapt\">2020\u2019de t\u00fcm dilekler ger\u00e7ek olsun! \u00c7ocuklar\u0131m\u0131z\u0131 hayata ba\u011flayan dilekleri ger\u00e7ekle\u015ftirmemize yard\u0131mc\u0131 olmak istiyorsan\u0131z https:\/\/lnkd.in\/d44e8gy adresinden ba\u011f\u0131\u015f\u00e7\u0131 olabilirsiniz. <\/p>\n\t    <\/div>\n<\/div><\/div><\/div><div class=\"kc-elm kc-css-48196\" style=\"height: 40px; clear: both; width:100%;\"><\/div><div class=\"kc-elm kc-css-815485 kc_row kc_row_inner\"><div class=\"kc-elm kc-css-392313 kc_col-sm-4 kc_column_inner kc_col-sm-4\"><div class=\"kc_wrapper kc-col-inner-container\"><div class=\"kc-elm kc-css-807713 kc_shortcode kc_single_image\">\n\n        <a  href=\"https:\/\/www.youtube.com\/watch?v=aUdG23s8Fow\" title=\"\" target=\"_self\">\n        <img src=\"http:\/\/birdilektut.org\/wp-content\/uploads\/2021\/02\/Screen-Shotd-2021-02-09-at-11.54.28-1.jpg\" class=\"\" alt=\"\" \/>    <\/a>\n    \t    <p class=\"scapt\">Dile\u011fini ger\u00e7ekle\u015ftirdi\u011fimiz Sabah\u2019\u0131n ya\u015fad\u0131\u011f\u0131 duygular onun hayat\u0131n\u0131 de\u011fi\u015ftirdi ve tedavi s\u00fcrecinde ona \u00e7ok yard\u0131mc\u0131 oldu. Sabah\u2019\u0131n ya\u015fad\u0131\u011f\u0131 mutlulu\u011fu t\u00fcm dilek \u00e7ocuklar\u0131n\u0131n ya\u015famas\u0131 i\u00e7in sana ihtiyac\u0131m\u0131z var. <\/p>\n\t    <\/div>\n<\/div><\/div><div class=\"kc-elm kc-css-75324 kc_col-sm-4 kc_column_inner kc_col-sm-4\"><div class=\"kc_wrapper kc-col-inner-container\"><div class=\"kc-elm kc-css-632023 kc_shortcode kc_single_image\">\n\n        <a  href=\"https:\/\/www.youtube.com\/watch?v=AurkXIpABuM\" title=\"\" target=\"_self\">\n        <img src=\"http:\/\/birdilektut.org\/wp-content\/uploads\/2021\/02\/Screen-Shot-2021-02-09-at-1w1.54.28.jpg\" class=\"\" alt=\"\" \/>    <\/a>\n    \t    <p class=\"scapt\">Enes:apos:in uzaktan kumandal\u0131 araba dile\u011fi...<\/p>\n\t    <\/div>\n<\/div><\/div><div class=\"kc-elm kc-css-939950 kc_col-sm-4 kc_column_inner kc_col-sm-4\"><div class=\"kc_wrapper kc-col-inner-container\"><div class=\"kc-elm kc-css-203770 kc_shortcode kc_single_image\">\n\n        <a  href=\"https:\/\/www.youtube.com\/watch?v=SLuaYHiDEzQ\" title=\"\" target=\"_self\">\n        <img src=\"http:\/\/birdilektut.org\/wp-content\/uploads\/2020\/10\/6.jpg\" class=\"\" alt=\"\" \/>    <\/a>\n    \t    <p class=\"scapt\">Alaaddin\u2019deki Cin olarak \u00fc\u00e7 dilek hakk\u0131n olsayd\u0131, bunlar\u0131 kimlerle payla\u015f\u0131rd\u0131n? 24 May\u0131s\u2019a kadar #FriendLikeMe etiketiyle yapaca\u011f\u0131n her payla\u015f\u0131m i\u00e7in Disney Worldwide Services, @MakeAWish\u2019e 5$\u2019dan 1M$\u2019a kadar ba\u011f\u0131\u015f yapacak.<\/p>\n\t    <\/div>\n<\/div><\/div><\/div><div class=\"kc-elm kc-css-676324\" style=\"height: 40px; clear: both; width:100%;\"><\/div><div class=\"kc-elm kc-css-397406 kc_row kc_row_inner\"><div class=\"kc-elm kc-css-900947 kc_col-sm-4 kc_column_inner kc_col-sm-4\"><div class=\"kc_wrapper kc-col-inner-container\"><div class=\"kc-elm kc-css-946717 kc_shortcode kc_single_image\">\n\n        <a  href=\"https:\/\/www.youtube.com\/watch?v=nXnIsbocIsQ&amp;t=13s\" title=\"\" target=\"_self\">\n        <img src=\"http:\/\/birdilektut.org\/wp-content\/uploads\/2020\/10\/4.jpg\" class=\"\" alt=\"\" \/>    <\/a>\n    \t    <p class=\"scapt\">Hayati risk ta\u015f\u0131yan hastal\u0131klarla m\u00fccadele eden \u00e7ocuklar\u0131m\u0131z\u0131n dileklerini ger\u00e7ekle\u015ftirmek ve derne\u011fimizi tan\u0131tmak i\u00e7in 19-21 Temmuz tarihlerinde \u0130stanbul Atl\u0131 Spor Kul\u00fcb\u00fc\u2019ndeydik...<\/p>\n\t    <\/div>\n<\/div><\/div><div class=\"kc-elm kc-css-75470 kc_col-sm-4 kc_column_inner kc_col-sm-4\"><div class=\"kc_wrapper kc-col-inner-container\"><div class=\"kc-elm kc-css-599938 kc_shortcode kc_single_image\">\n\n        <a  href=\"https:\/\/www.youtube.com\/watch?v=FSRwF1OO5HU\" title=\"\" target=\"_self\">\n        <img src=\"http:\/\/birdilektut.org\/wp-content\/uploads\/2021\/02\/Screen-Shot-2021-02-039-at-11.54.28.jpg\" class=\"\" alt=\"\" \/>    <\/a>\n    \t    <p class=\"scapt\">Yeditepe Hayalimi Payla\u015f Dilek Ger\u00e7ekle\u015ftirme<\/p>\n\t    <\/div>\n<\/div><\/div><div class=\"kc-elm kc-css-903037 kc_col-sm-4 kc_column_inner kc_col-sm-4\"><div class=\"kc_wrapper kc-col-inner-container\"><div class=\"kc-elm kc-css-532862 kc_shortcode kc_single_image\">\n\n        <a  href=\"https:\/\/www.youtube.com\/watch?v=Ni3Me4raIQQ\" title=\"\" target=\"_self\">\n        <img src=\"http:\/\/birdilektut.org\/wp-content\/uploads\/2021\/02\/Screen-Shot-2021-02-09-at-11.524.28.jpg\" class=\"\" alt=\"\" \/>    <\/a>\n    \t    <p class=\"scapt\">\u00d6mer Faruk, 9 ya\u015f\u0131nda, akut myoblastik l\u00f6semi hastas\u0131, Gaziantep:apos:de ya\u015f\u0131yor ve hayali yatak odas\u0131na sahip olabilmekti bak\u0131n dilek g\u00fcn\u00fc nas\u0131l ge\u00e7ti<\/p>\n\t    <\/div>\n<\/div><\/div><\/div><div class=\"kc-elm kc-css-477095\" style=\"height: 40px; clear: both; width:100%;\"><\/div><div class=\"kc-elm kc-css-104059 kc_row kc_row_inner\"><div class=\"kc-elm kc-css-989365 kc_col-sm-4 kc_column_inner kc_col-sm-4\"><div class=\"kc_wrapper kc-col-inner-container\"><div class=\"kc-elm kc-css-294448 kc_shortcode kc_single_image\">\n\n        <a  href=\"https:\/\/www.youtube.com\/watch?v=Wi7i5-WH55g\" title=\"\" target=\"_self\">\n        <img src=\"http:\/\/birdilektut.org\/wp-content\/uploads\/2021\/02\/Screen-Shot-2021-02-09-at-11.54.28-1.jpg\" class=\"Markalar ile Dilekler Ger\u00e7ek Olursa\" alt=\"\" \/>    <\/a>\n    \t    <p class=\"scapt\">Markalar ile Dilekler Ger\u00e7ek Olursa<\/p>\n\t    <\/div>\n<\/div><\/div><div class=\"kc-elm kc-css-59116 kc_col-sm-4 kc_column_inner kc_col-sm-4\"><div class=\"kc_wrapper kc-col-inner-container\"><div class=\"kc-elm kc-css-783483 kc_shortcode kc_single_image\">\n\n        <a  href=\"https:\/\/www.youtube.com\/watch?v=ZwjSz9uGvSk\" title=\"\" target=\"_self\">\n        <img src=\"http:\/\/birdilektut.org\/wp-content\/uploads\/2021\/02\/5.jpg\" class=\"\" alt=\"\" \/>    <\/a>\n    \t    <p class=\"scapt\">Mehmet Yi\u011fit, 5 ya\u015f\u0131nda ve L\u00f6semi Hastas\u0131. \u0130stanbul:apos:da ya\u015f\u0131yor. Dile\u011fi Playstation:apos:a sahip olmakt\u0131<\/p>\n\t    <\/div>\n<\/div><\/div><div class=\"kc-elm kc-css-571590 kc_col-sm-4 kc_column_inner kc_col-sm-4\"><div class=\"kc_wrapper kc-col-inner-container\"><div class=\"kc-elm kc-css-31014 kc_shortcode kc_single_image\">\n\n        <a  href=\"https:\/\/www.youtube.com\/watch?v=NYJka1HVsX4\" title=\"\" target=\"_self\">\n        <img src=\"http:\/\/birdilektut.org\/wp-content\/uploads\/2021\/02\/66.jpg\" class=\"\" alt=\"\" \/>    <\/a>\n    \t    <p class=\"scapt\">Most Inspiring Act of Kindness Award Video<\/p>\n\t    <\/div>\n<\/div><\/div><\/div><div class=\"kc-elm kc-css-268081\" style=\"height: 40px; clear: both; width:100%;\"><\/div><div class=\"kc-elm kc-css-173420 kc_row kc_row_inner\"><div class=\"kc-elm kc-css-875257 kc_col-sm-4 kc_column_inner kc_col-sm-4\"><div class=\"kc_wrapper kc-col-inner-container\"><div class=\"kc-elm kc-css-486964 kc_shortcode kc_single_image\">\n\n        <a  href=\"https:\/\/www.youtube.com\/watch?v=AEdOBqcdT2g\" title=\"\" target=\"_self\">\n        <img src=\"http:\/\/birdilektut.org\/wp-content\/uploads\/2021\/02\/1.jpg\" class=\"\" alt=\"\" \/>    <\/a>\n    \t    <p class=\"scapt\">Tahincio\u011flu Holding:apos:in, Bir Dilek Tut Derne\u011fi ile yapt\u0131\u011f\u0131 sosyal sorumluluk projesi...<\/p>\n\t    <\/div>\n<\/div><\/div><div class=\"kc-elm kc-css-332285 kc_col-sm-4 kc_column_inner kc_col-sm-4\"><div class=\"kc_wrapper kc-col-inner-container\"><div class=\"kc-elm kc-css-298332 kc_shortcode kc_single_image\">\n\n        <a  href=\"https:\/\/www.youtube.com\/watch?v=k4prVBqVmZQ\" title=\"\" target=\"_self\">\n        <img src=\"http:\/\/birdilektut.org\/wp-content\/uploads\/2021\/02\/Screen-Shot-2021-02-ff.jpg\" class=\"\" alt=\"\" \/>    <\/a>\n    \t    <p class=\"scapt\">B\u0130R D\u0130LEK TUT DERNE\u011e\u0130, MAKE - A - WISH :apos:\u0130N BAYER \u0130LE YAPTI\u011eI TAKIM \u00c7ALI\u015eMASI<\/p>\n\t    <\/div>\n<\/div><\/div><div class=\"kc-elm kc-css-330815 kc_col-sm-4 kc_column_inner kc_col-sm-4\"><div class=\"kc_wrapper kc-col-inner-container\"><div class=\"kc-elm kc-css-983861 kc_shortcode kc_single_image\">\n\n        <a  href=\"https:\/\/www.youtube.com\/watch?v=4KpUtTEIVFk\" title=\"\" target=\"_self\">\n        <img src=\"http:\/\/birdilektut.org\/wp-content\/uploads\/2021\/02\/23.jpg\" class=\"\" alt=\"\" \/>    <\/a>\n    \t    <p class=\"scapt\">Ecrin, 5 ya\u015f\u0131nda ve L\u00f6semi hastas\u0131. \u0130stanbul:apos:da ya\u015f\u0131yor. Dile\u011fi Tablet sahibi olmak<\/p>\n\t    <\/div>\n<\/div><\/div><\/div><div class=\"kc-elm kc-css-298966\" style=\"height: 40px; clear: both; width:100%;\"><\/div><div class=\"kc-elm kc-css-626397 kc_row kc_row_inner\"><div class=\"kc-elm kc-css-33607 kc_col-sm-4 kc_column_inner kc_col-sm-4\"><div class=\"kc_wrapper kc-col-inner-container\"><div class=\"kc-elm kc-css-965268 kc_shortcode kc_single_image\">\n\n        <a  href=\"https:\/\/www.youtube.com\/watch?v=Kp7CWZ03HQA\" title=\"\" target=\"_self\">\n        <img src=\"http:\/\/birdilektut.org\/wp-content\/uploads\/2021\/02\/Screen-Shot-2021-02-5509-at-11.54.28.jpg\" class=\"\" alt=\"\" \/>    <\/a>\n    \t    <p class=\"scapt\">Bir Dilek Tut Derne\u011fi G\u00f6n\u00fcll\u00fclerinin g\u00f6z\u00fcnden derne\u011fimiz.<\/p>\n\t    <\/div>\n<\/div><\/div><div class=\"kc-elm kc-css-569148 kc_col-sm-4 kc_column_inner kc_col-sm-4\"><div class=\"kc_wrapper kc-col-inner-container\"><div class=\"kc-elm kc-css-718071 kc_shortcode kc_single_image\">\n\n        <a  href=\"https:\/\/www.youtube.com\/watch?v=iEBwzwKmTHc\" title=\"\" target=\"_self\">\n        <img src=\"http:\/\/birdilektut.org\/wp-content\/uploads\/2021\/02\/Screen-Shot-2021-02-09-at-11.54.28.jpg\" class=\"\" alt=\"\" \/>    <\/a>\n    \t    <p class=\"scapt\">Pasha Bank ve Bir Dilek Tut Derne\u011fi Sabah:apos:\u0131n balerin olma dile\u011fini ger\u00e7ekle\u015ftirdi.2.b\u00f6l\u00fcm.<\/p>\n\t    <\/div>\n<\/div><\/div><div class=\"kc-elm kc-css-383121 kc_col-sm-4 kc_column_inner kc_col-sm-4\"><div class=\"kc_wrapper kc-col-inner-container\"><div class=\"kc-elm kc-css-268363 kc_shortcode kc_single_image\">\n\n        <a  href=\"https:\/\/www.youtube.com\/watch?v=tj8G9BvbV7Y\" title=\"\" target=\"_self\">\n        <img src=\"http:\/\/birdilektut.org\/wp-content\/uploads\/2021\/02\/Screen-Shot-2021-02-f09-at-11.54.28.jpg\" class=\"\" alt=\"\" \/>    <\/a>\n    \t    <p class=\"scapt\">Mickey Fare kulaklar\u0131yla resmini \u00e7ek, #shareyourears hashtag\u2019i ile payla\u015f \u00e7ocuklar\u0131n dilekleri ger\u00e7ekle\u015fsin...<\/p>\n\t    <\/div>\n<\/div><\/div><\/div><div class=\"kc-elm kc-css-542032\" style=\"height: 40px; clear: both; width:100%;\"><\/div><div class=\"kc-elm kc-css-807943 kc_row kc_row_inner\"><div class=\"kc-elm kc-css-821414 kc_col-sm-4 kc_column_inner kc_col-sm-4\"><div class=\"kc_wrapper kc-col-inner-container\"><div class=\"kc-elm kc-css-405649 kc_shortcode kc_single_image\">\n\n        <a  href=\"https:\/\/www.youtube.com\/watch?v=88qICh8Mxfg\" title=\"\" target=\"_self\">\n        <img src=\"http:\/\/birdilektut.org\/wp-content\/uploads\/2021\/02\/Screen-Shot-2021-02-09-at-2.jpg\" class=\"\" alt=\"\" \/>    <\/a>\n    \t    <p class=\"scapt\">Ecrin Sude, 7 ya\u015f\u0131nda ve L\u00f6semi hastas\u0131. Dile\u011fi bir yatak odas\u0131na sahip olmak<\/p>\n\t    <\/div>\n<\/div><\/div><div class=\"kc-elm kc-css-812890 kc_col-sm-4 kc_column_inner kc_col-sm-4\"><div class=\"kc_wrapper kc-col-inner-container\"><div class=\"kc-elm kc-css-873935 kc_shortcode kc_single_image\">\n\n        <a  href=\"https:\/\/www.youtube.com\/watch?v=zaaeZEX1ERs\" title=\"\" target=\"_self\">\n        <img src=\"http:\/\/birdilektut.org\/wp-content\/uploads\/2021\/02\/Screen-Shot-2021-02-09r-at-11.54.28.jpg\" class=\"\" alt=\"\" \/>    <\/a>\n    \t    <p class=\"scapt\">Melike:apos:nin Doktor Olma Dile\u011fi l Bir Dilek Tut Derne\u011fi & Pegasus<\/p>\n\t    <\/div>\n<\/div><\/div><div class=\"kc-elm kc-css-961123 kc_col-sm-4 kc_column_inner kc_col-sm-4\"><div class=\"kc_wrapper kc-col-inner-container\"><div class=\"kc-elm kc-css-276361 kc_shortcode kc_single_image\">\n\n        <a  href=\"https:\/\/www.youtube.com\/watch?v=hIP_IBKdi78\" title=\"\" target=\"_self\">\n        <img src=\"http:\/\/birdilektut.org\/wp-content\/uploads\/2021\/02\/Screen-Shdot-2021-02-09-at-11.54.28.jpg\" class=\"\" alt=\"\" \/>    <\/a>\n    \t    <p class=\"scapt\">Bir Dilek Tut Derne\u011fi, Make-A-Wish T\u00fcrkiye & PashaBank, Sabah:apos:\u0131n hayallerini ger\u00e7e\u011fe d\u00f6n\u00fc\u015ft\u00fcrd\u00fc.<\/p>\n\t    <\/div>\n<\/div><\/div><\/div><div class=\"kc-elm kc-css-441\" style=\"height: 40px; clear: both; width:100%;\"><\/div><div class=\"kc-elm kc-css-996860 kc_row kc_row_inner\"><div class=\"kc-elm kc-css-630875 kc_col-sm-4 kc_column_inner kc_col-sm-4\"><div class=\"kc_wrapper kc-col-inner-container\"><div class=\"kc-elm kc-css-887350 kc_shortcode kc_single_image\">\n\n        <a  href=\"https:\/\/www.youtube.com\/watch?v=eoPqsu4KkQg\" title=\"\" target=\"_self\">\n        <img src=\"http:\/\/birdilektut.org\/wp-content\/uploads\/2021\/02\/d.jpg\" class=\"\" alt=\"\" \/>    <\/a>\n    \t    <p class=\"scapt\">Pegasus Havayollar\u0131 \u00e7al\u0131\u015fanlar\u0131, Bir Dilek Tut Derne\u011fi, Make-A-Wish T\u00fcrkiye ile ger\u00e7ekle\u015ftirdi\u011fi Wish Challenge tak\u0131m \u00e7al\u0131\u015fmas\u0131yla, 3-18 ya\u015f aras\u0131 hayati tehlike ta\u015f\u0131yan hastal\u0131klarla m\u00fccadele eden 5 \u00e7ocu\u011fun dileklerini tasarlad\u0131lar.<\/p>\n\t    <\/div>\n<\/div><\/div><div class=\"kc-elm kc-css-221043 kc_col-sm-4 kc_column_inner kc_col-sm-4\"><div class=\"kc_wrapper kc-col-inner-container\"><div class=\"kc-elm kc-css-422049 kc_shortcode kc_single_image\">\n\n        <a  href=\"https:\/\/www.youtube.com\/watch?v=mpGJAKC-qL0\" title=\"\" target=\"_self\">\n        <img src=\"http:\/\/birdilektut.org\/wp-content\/uploads\/2021\/02\/Screen-Sheot-2021-02-09-at-11.54.28-1.jpg\" class=\"\" alt=\"\" \/>    <\/a>\n    \t    <p class=\"scapt\">Dile\u011fini ger\u00e7ekle\u015fen Emirhan\u2019\u0131n ya\u015fad\u0131\u011f\u0131 duygular onun hayat\u0131n\u0131 de\u011fi\u015ftirdi ve tedavi s\u00fcrecinde ona \u00e7ok yard\u0131mc\u0131 oldu. Emirhan\u2019\u0131n ya\u015fad\u0131\u011f\u0131 mutlulu\u011fu t\u00fcm dilek \u00e7ocuklar\u0131n\u0131n ya\u015famas\u0131 i\u00e7in sana ihtiyac\u0131m\u0131z var.<\/p>\n\t    <\/div>\n<\/div><\/div><div class=\"kc-elm kc-css-723212 kc_col-sm-4 kc_column_inner kc_col-sm-4\"><div class=\"kc_wrapper kc-col-inner-container\"><div class=\"kc-elm kc-css-857496 kc_shortcode kc_single_image\">\n\n        <a  href=\"https:\/\/www.youtube.com\/watch?v=8D2ThJIyfgg\" title=\"\" target=\"_self\">\n        <img src=\"http:\/\/birdilektut.org\/wp-content\/uploads\/2021\/02\/Screen-Shot-20241-02-09-at-11.54.28.jpg\" class=\"\" alt=\"\" \/>    <\/a>\n    \t    <p class=\"scapt\">Bir Dilek Tut Derne\u011fi olarak; derne\u011fimizin amac\u0131n\u0131 anlatt\u0131\u011f\u0131m\u0131z tan\u0131t\u0131m filmimiz yay\u0131nda! Seslendirmemizi yapan Uraz Kayg\u0131laro\u011flu\u2019na ve tan\u0131t\u0131m filmimizi yapan Fikir Tasar\u0131m At\u00f6lyesi\u2019ne te\u015fekk\u00fcr ederiz.<\/p>\n\t    <\/div>\n<\/div><\/div><\/div><div class=\"kc-elm kc-css-868243\" style=\"height: 40px; clear: both; width:100%;\"><\/div><div class=\"kc-elm kc-css-359045 kc_row kc_row_inner\"><div class=\"kc-elm kc-css-81200 kc_col-sm-4 kc_column_inner kc_col-sm-4\"><div class=\"kc_wrapper kc-col-inner-container\"><div class=\"kc-elm kc-css-563020 kc_shortcode kc_single_image\">\n\n        <a  href=\"https:\/\/www.youtube.com\/watch?v=7745fyv-khY\" title=\"\" target=\"_self\">\n        <img src=\"http:\/\/birdilektut.org\/wp-content\/uploads\/2021\/02\/Screen-Shot-2021-032-09-at-11.54.28.jpg\" class=\"\" alt=\"\" \/>    <\/a>\n    \t    <p class=\"scapt\">Bir Dilek Tut Derne\u011fi Ba\u015fkan\u0131 Eda Aroyo A Para TV R\u00f6portaj\u0131<\/p>\n\t    <\/div>\n<\/div><\/div><div class=\"kc-elm kc-css-103756 kc_col-sm-4 kc_column_inner kc_col-sm-4\"><div class=\"kc_wrapper kc-col-inner-container\"><div class=\"kc-elm kc-css-453526 kc_shortcode kc_single_image\">\n\n        <a  href=\"https:\/\/www.youtube.com\/watch?v=E9xE0PCDBCQ\" title=\"\" target=\"_self\">\n        <img src=\"http:\/\/birdilektut.org\/wp-content\/uploads\/2021\/02\/Screen-Shot-2021-02-092-at-11.54.28.jpg\" class=\"\" alt=\"\" \/>    <\/a>\n    \t    <p class=\"scapt\">Bir Dilek Tut Derne\u011fi olarak; derne\u011fimizin amac\u0131n\u0131 anlatt\u0131\u011f\u0131m\u0131z tan\u0131t\u0131m filmimiz yay\u0131nda! Seslendirmemizi yapan Uraz Kayg\u0131laro\u011flu\u2019na ve tan\u0131t\u0131m filmimizi yapan Fikir Tasar\u0131m At\u00f6lyesi\u2019ne te\u015fekk\u00fcr ederiz.<\/p>\n\t    <\/div>\n<\/div><\/div><div class=\"kc-elm kc-css-540412 kc_col-sm-4 kc_column_inner kc_col-sm-4\"><div class=\"kc_wrapper kc-col-inner-container\"><div class=\"kc-elm kc-css-267914 kc_shortcode kc_single_image\">\n\n        <a  href=\"https:\/\/www.youtube.com\/watch?v=Oy2jlgOyius\" title=\"\" target=\"_self\">\n        <img src=\"http:\/\/birdilektut.org\/wp-content\/uploads\/2021\/02\/Screen-Shot-2021-02-09-at3-11.54.28.jpg\" class=\"\" alt=\"\" \/>    <\/a>\n    \t    <p class=\"scapt\">Bir Dilek Tut Derne\u011fi Y\u00f6netim Kurulu Ba\u015fkan\u0131 Eda Tontu Aroyo, \u00dcst D\u00fczey Program\u0131:apos:nda!<\/p>\n\t    <\/div>\n<\/div><\/div><\/div><div class=\"kc-elm kc-css-639638\" style=\"height: 40px; clear: both; width:100%;\"><\/div><div class=\"kc-elm kc-css-113125 kc_row kc_row_inner\"><div class=\"kc-elm kc-css-834628 kc_col-sm-4 kc_column_inner kc_col-sm-4\"><div class=\"kc_wrapper kc-col-inner-container\"><div class=\"kc-elm kc-css-356475 kc_shortcode kc_single_image\">\n\n        <a  href=\"https:\/\/www.youtube.com\/watch?v=1EaamXSOSWc\" title=\"\" target=\"_self\">\n        <img src=\"http:\/\/birdilektut.org\/wp-content\/uploads\/2021\/02\/ds.jpg\" class=\"\" alt=\"\" \/>    <\/a>\n    \t    <p class=\"scapt\">Bir Dilek Tut Derne\u011fi, Make-A-Wish\u00ae T\u00fcrkiye; hayati tehlike ta\u015f\u0131yan bir hastal\u0131kla m\u00fccadele eden 3 \u2013 18 ya\u015f aras\u0131 \u00e7ocuklar\u0131n kalplerinde ya\u015fatt\u0131klar\u0131 dilekleri ger\u00e7ekle\u015ftirmektedir. Dile\u011finin ger\u00e7e\u011fe d\u00f6n\u00fc\u015ft\u00fc\u011f\u00fcn\u00fc g\u00f6rmek bir \u00e7ocuk i\u00e7in unutulmaz bir deneyimdir; \u00f6zellikle de hasta olan bir \u00e7ocuk i\u00e7in. Anne-babalar i\u00e7in ise \u00f6zel bir an\u0131 yaratman\u0131n zaman\u0131d\u0131r; belleklerde hep yer edecek bir an\u0131.<\/p>\n\t    <\/div>\n<\/div><\/div><div class=\"kc-elm kc-css-787312 kc_col-sm-4 kc_column_inner kc_col-sm-4\"><div class=\"kc_wrapper kc-col-inner-container\"><div class=\"kc-elm kc-css-348936 kc_shortcode kc_single_image\">\n\n        <a  href=\"https:\/\/www.youtube.com\/watch?v=ynuK-p0No6E\" title=\"\" target=\"_self\">\n        <img src=\"http:\/\/birdilektut.org\/wp-content\/uploads\/2021\/02\/Screen-Shot-20w21-02-09-at-11.54.28.jpg\" class=\"\" alt=\"\" \/>    <\/a>\n    \t    <p class=\"scapt\">Kaan Air deste\u011fiyle dilek \u00e7ocuklar\u0131n\u0131n hayallerini ger\u00e7ekle\u015ftirdik.<\/p>\n\t    <\/div>\n<\/div><\/div><div class=\"kc-elm kc-css-746187 kc_col-sm-4 kc_column_inner kc_col-sm-4\"><div class=\"kc_wrapper kc-col-inner-container\"><div class=\"kc-elm kc-css-363446 kc_shortcode kc_single_image\">\n\n        <a  href=\"https:\/\/www.youtube.com\/watch?v=ZlHJb23n6NM\" title=\"\" target=\"_self\">\n        <img src=\"http:\/\/birdilektut.org\/wp-content\/uploads\/2021\/02\/Screen-Shot-2g021-02-09-at-11.54.28-1.jpg\" class=\"\" alt=\"\" \/>    <\/a>\n    \t    <p class=\"scapt\">Melike, dilek g\u00fcn\u00fcn\u00fcn nas\u0131l ge\u00e7ti\u011fini ve dilek g\u00fcn\u00fcnden sonra hayat\u0131nda nelerin de\u011fi\u015fti\u011fini anlatt\u0131. Melike\u2019nin ya\u015fad\u0131\u011f\u0131 mutlulu\u011fu t\u00fcm dilek \u00e7ocuklar\u0131n\u0131n ya\u015famas\u0131 i\u00e7in sana ihtiyac\u0131m\u0131z var. https:\/\/fonzip.com\/birdilektut\/bagis\/#\/<\/p>\n\t    <\/div>\n<\/div><\/div><\/div><div class=\"kc-elm kc-css-385999\" style=\"height: 87px; clear: both; width:100%;\"><\/div><\/div><\/div><\/div><\/div><\/section><\/p>\n","protected":false},"excerpt":{"rendered":"","protected":false},"author":1,"featured_media":0,"parent":0,"menu_order":0,"comment_status":"closed","ping_status":"closed","template":"","meta":{"spay_email":""},"_links":{"self":[{"href":"https:\/\/birdilektut.org\/en\/wp-json\/wp\/v2\/pages\/2006"}],"collection":[{"href":"https:\/\/birdilektut.org\/en\/wp-json\/wp\/v2\/pages"}],"about":[{"href":"https:\/\/birdilektut.org\/en\/wp-json\/wp\/v2\/types\/page"}],"author":[{"embeddable":true,"href":"https:\/\/birdilektut.org\/en\/wp-json\/wp\/v2\/users\/1"}],"replies":[{"embeddable":true,"href":"https:\/\/birdilektut.org\/en\/wp-json\/wp\/v2\/comments?post=2006"}],"version-history":[{"count":43,"href":"https:\/\/birdilektut.org\/en\/wp-json\/wp\/v2\/pages\/2006\/revisions"}],"predecessor-version":[{"id":2699,"href":"https:\/\/birdilektut.org\/en\/wp-json\/wp\/v2\/pages\/2006\/revisions\/2699"}],"wp:attachment":[{"href":"https:\/\/birdilektut.org\/en\/wp-json\/wp\/v2\/media?parent=2006"}],"curies":[{"name":"wp","href":"https:\/\/api.w.org\/{rel}","templated":true}]}}