{"id":2255,"date":"2021-03-31T17:29:42","date_gmt":"2021-03-31T14:29:42","guid":{"rendered":"http:\/\/birdilektut.org\/en\/?page_id=2255"},"modified":"2021-04-14T17:21:59","modified_gmt":"2021-04-14T14:21:59","slug":"wish-design-workshop","status":"publish","type":"page","link":"https:\/\/birdilektut.org\/en\/wish-design-workshop\/","title":{"rendered":"Wish Design Workshop"},"content":{"rendered":"<p><section class=\"kc-elm kc-css-306284 kc_row\"><div class=\"kc-row-container  kc-container\"><div class=\"kc-wrap-columns\"><div class=\"kc-elm kc-css-504795 kc_col-sm-12 kc_column kc_col-sm-12\"><div class=\"kc-col-container\">\n\t<div class=\"kc-elm kc-css-161943 kc_shortcode kc_video_play kc_video_wrapper\" data-video=\"https:\/\/www.youtube.com\/watch?v=k4prVBqVmZQ\" data-width=\"700\" data-height=\"395.4802259887\" data-fullwidth=\"\" data-autoplay=\"\" data-loop=\"yes\" data-control=\"yes\" data-related=\"\" data-showinfo=\"yes\" data-kc-video-mute=\"yes\">\n\t\t\t<\/div>\n\n<div class=\"kc-elm kc-css-6674 kc_tabs group kc-tabs-slider\"><div class=\"owl-carousel\" data-owl-options='{\"items\":1,\"speed\":450,\"navigation\":\"\",\"pagination\":\"\",\"autoheight\":\"\",\"autoplay\":\"yes\",\"tablet\":1,\"mobile\":1}'><div id=\"new-tab\" class=\"kc-elm kc-css-561037 kc_tab ui-tabs-panel kc_ui-tabs-hide kc_clearfix \"><div class=\"kc_tab_content\">\n<div class=\"kc-elm kc-css-899571 kc-title-wrap \">\n\n\t<h2 class=\"kc_title\">Teamwork with Bir Dilek Tut\/Make-A-Wish\u00ae<\/h2>\n<\/div>\n<div class=\"kc-elm kc-css-916243 kc_text_block\"><\/p>\n<p>In this program, we cooperate with companies under the concepts of <em>Team Building<\/em> while providing teamwork training to fulfill the wishes of our children.<\/p>\n<p>With our help and moderation, and by using the company&#8217;s creativity and relations, the employees of the company can plan the child&#8217;s wish and realize it on a previously determined day.<\/p>\n<p>A responsible\u00a0company\u00a0is essentially one that\u00a0benefits society\u00a0and has\u00a0a\u00a0positive\u00a0impact on\u00a0it. By helping Wish Children, you&#8217;re also helping their parents, loved ones and the whole society.<\/p>\n<p>\n<\/div><\/div><\/div><\/div><\/div><\/div><\/div><\/div><\/div><\/section><section class=\"kc-elm kc-css-517313 kc_row\"><div class=\"kc-row-container  kc-container\"><div class=\"kc-wrap-columns\"><div class=\"kc-elm kc-css-457729 kc_col-sm-12 kc_column kc_col-sm-12\"><div class=\"kc-col-container\">\n<div class=\"kc-elm kc-css-498714 divider_line\">\n\t<div class=\"divider_inner divider_line1\">\n\t\t\t<\/div>\n<\/div>\n<\/div><\/div><\/div><\/div><\/section><section class=\"kc-elm kc-css-229025 kc_row\"><div class=\"kc-row-container  kc-container\"><div class=\"kc-wrap-columns\"><div class=\"kc-elm kc-css-53016 kc_col-sm-12 kc_column kc_col-sm-12\"><div class=\"kc-col-container\"><div class=\"kc-elm kc-css-404695 kc_row kc_row_inner\"><div class=\"kc-elm kc-css-872722 kc_col-sm-12 kc_column_inner kc_col-sm-12\"><div class=\"kc_wrapper kc-col-inner-container\">\n<div class=\"kc-elm kc-css-155298 kc-title-wrap \">\n\n\t<h2 class=\"kc_title\">Training<\/h2>\n<\/div>\n<div class=\"kc-elm kc-css-275295 kc_accordion_wrapper\">\n<div class=\"kc-elm kc-css-768682 kc_accordion_section group \"><h3 class=\"kc_accordion_header ui-accordion-header\"><span class=\"ui-accordion-header-icon ui-icon\"><\/span><a href=\"#brief-talk\" data-prevent=\"scroll\"><i class=\"sl-fire\"><\/i> Brief Talk<\/a><\/h3><div class=\"kc_accordion_content ui-accordion-content kc_clearfix\"><div class=\"kc-panel-body\"><div class=\"kc-elm kc-css-372748 kc_text_block\"><\/p>\n<p>We give answers to your basic questions such as &#8220;What does it mean for a child with a life-threatening disease to have her\/his dream realized?\", or &#8220;How should the Wish Child and her\/his family be approached?\"\u00a0<\/p>\n<p>\n<\/div><\/div><\/div><\/div><div class=\"kc-elm kc-css-140025 kc_accordion_section group \"><h3 class=\"kc_accordion_header ui-accordion-header\"><span class=\"ui-accordion-header-icon ui-icon\"><\/span><a href=\"#getting-to-know-our-wish-children\" data-prevent=\"scroll\"><i class=\"sl-bubbles\"><\/i> Getting to Know Our Wish Children<\/a><\/h3><div class=\"kc_accordion_content ui-accordion-content kc_clearfix\"><div class=\"kc-panel-body\"><div class=\"kc-elm kc-css-531466 kc_text_block\"><\/p>\n<p>We share some details about our children who are waiting for their wishes to come true. We talk about various things such as which food they like, which TV shows they like to watch, which team they support, what their interests are and what their dream is.<\/p>\n<p>\n<\/div><\/div><\/div><\/div><div class=\"kc-elm kc-css-284667 kc_accordion_section group \"><h3 class=\"kc_accordion_header ui-accordion-header\"><span class=\"ui-accordion-header-icon ui-icon\"><\/span><a href=\"#designing-the-wish-fulfillment-day-in-groups\" data-prevent=\"scroll\"><i class=\"sl-equalizer\"><\/i> Designing The Wish Fulfillment Day in Groups<\/a><\/h3><div class=\"kc_accordion_content ui-accordion-content kc_clearfix\"><div class=\"kc-panel-body\"><div class=\"kc-elm kc-css-915917 kc_text_block\"><\/p>\n<p>Using their creativity and personal networks, the participants form groups to design the Wish Fulfilment Day according to our child&#039;s preferences and dreams.\u00a0<\/p>\n<p>\n<\/div><\/div><\/div><\/div><div class=\"kc-elm kc-css-182322 kc_accordion_section group \"><h3 class=\"kc_accordion_header ui-accordion-header\"><span class=\"ui-accordion-header-icon ui-icon\"><\/span><a href=\"#presentations\" data-prevent=\"scroll\"><i class=\"sl-equalizer\"><\/i> Presentations<\/a><\/h3><div class=\"kc_accordion_content ui-accordion-content kc_clearfix\"><div class=\"kc-panel-body\"><div class=\"kc-elm kc-css-52053 kc_text_block\"><\/p>\n<p>The representatives of each group tell us how they designed the Wish Fulfillment Day in 5-minute long presentations. They touch on their fundraising details and how their teammates will be included in the Wish Fulfillment Day.<\/p>\n<p>\n<\/div><\/div><\/div><\/div><div class=\"kc-elm kc-css-696887 kc_accordion_section group \"><h3 class=\"kc_accordion_header ui-accordion-header\"><span class=\"ui-accordion-header-icon ui-icon\"><\/span><a href=\"#evaluation-and-wish-fulfillment\" data-prevent=\"scroll\"><i class=\"sl-equalizer\"><\/i> Evaluation and Wish Fulfillment <\/a><\/h3><div class=\"kc_accordion_content ui-accordion-content kc_clearfix\"><div class=\"kc-panel-body\"><div class=\"kc-elm kc-css-709140 kc_text_block\"><\/p>\n<p>Participants fulfill the wish of the child in accordance with the work they did and the date they picked.\u00a0<\/p>\n<p>\n<\/div><\/div><\/div><\/div><\/div>\n<div class=\"kc-elm kc-css-751953\" style=\"height: 36px; clear: both; width:100%;\"><\/div><\/div><\/div><\/div><\/div><\/div><\/div><\/div><\/section><section class=\"kc-elm kc-css-538814 kc_row\"><div class=\"kc-row-container  kc-container\"><div class=\"kc-wrap-columns\"><div class=\"kc-elm kc-css-62191 kc_col-sm-12 kc_column kc_col-sm-12\"><div class=\"kc-col-container\">\n<div class=\"kc-elm kc-css-765364 kc-title-wrap \">\n\n\t<h2 class=\"kc_title\">Institutions Participating in \"Teamwork with Make-A-Wish\u00ae\" Movement.\r\n<\/h2>\n<\/div>\n<\/div><\/div><\/div><\/div><\/section><section class=\"kc-elm kc-css-462772 kc_row\"><div class=\"kc-row-container  kc-container\"><div class=\"kc-wrap-columns\"><div class=\"kc-elm kc-css-413660 kc_col-sm-2 kc_column kc_col-sm-2\"><div class=\"kc-col-container\"><div class=\"kc-elm kc-css-344486 kc_shortcode kc_single_image\">\n\n        <img src=\"https:\/\/birdilektut.org\/en\/wp-content\/uploads\/2018\/01\/03-2016-axa.png\" class=\"\" alt=\"\" \/>    <\/div>\n<\/div><\/div><div class=\"kc-elm kc-css-249482 kc_col-sm-2 kc_column kc_col-sm-2\"><div class=\"kc-col-container\"><div class=\"kc-elm kc-css-228065 kc_shortcode kc_single_image\">\n\n        <img src=\"https:\/\/birdilektut.org\/en\/wp-content\/uploads\/2018\/01\/1200px-Cisco_logo.svg_.png\" class=\"\" alt=\"\" \/>    <\/div>\n<\/div><\/div><div class=\"kc-elm kc-css-446507 kc_col-sm-2 kc_column kc_col-sm-2\"><div class=\"kc-col-container\"><div class=\"kc-elm kc-css-94519 kc_shortcode kc_single_image\">\n\n        <img src=\"https:\/\/birdilektut.org\/en\/wp-content\/uploads\/2018\/01\/Sabanc\u0131_U\u0308niversitesi_logosu.jpg\" class=\"\" alt=\"\" \/>    <\/div>\n<\/div><\/div><div class=\"kc-elm kc-css-146012 kc_col-sm-2 kc_column kc_col-sm-2\"><div class=\"kc-col-container\"><div class=\"kc-elm kc-css-878780 kc_shortcode kc_single_image\">\n\n        <img src=\"https:\/\/birdilektut.org\/en\/wp-content\/uploads\/2018\/01\/Mercedes-Benz-logo-2011-1920x1080.png\" class=\"\" alt=\"\" \/>    <\/div>\n<\/div><\/div><div class=\"kc-elm kc-css-435226 kc_col-sm-2 kc_column kc_col-sm-2\"><div class=\"kc-col-container\"><div class=\"kc-elm kc-css-639513 kc_shortcode kc_single_image\">\n\n        <img src=\"https:\/\/birdilektut.org\/en\/wp-content\/uploads\/2018\/01\/1589-lg.png\" class=\"\" alt=\"\" \/>    <\/div>\n<\/div><\/div><div class=\"kc-elm kc-css-61587 kc_col-sm-2 kc_column kc_col-sm-2\"><div class=\"kc-col-container\"><div class=\"kc-elm kc-css-363257 kc_shortcode kc_single_image\">\n\n        <img src=\"https:\/\/birdilektut.org\/en\/wp-content\/uploads\/2018\/01\/nike-logo-47A65A59D5-seeklogo.com_.png\" class=\"\" alt=\"\" \/>    <\/div>\n<\/div><\/div><\/div><\/div><\/section><section class=\"kc-elm kc-css-77234 kc_row\"><div class=\"kc-row-container  kc-container\"><div class=\"kc-wrap-columns\"><div class=\"kc-elm kc-css-303816 kc_col-sm-2 kc_column kc_col-sm-2\"><div class=\"kc-col-container\"><div class=\"kc-elm kc-css-580912 kc_shortcode kc_single_image\">\n\n        <img src=\"https:\/\/birdilektut.org\/en\/wp-content\/uploads\/2018\/06\/Bayer-Health-Care.jpg\" class=\"\" alt=\"\" \/>    <\/div>\n<\/div><\/div><div class=\"kc-elm kc-css-712984 kc_col-sm-2 kc_column kc_col-sm-2\"><div class=\"kc-col-container\"><div class=\"kc-elm kc-css-72889 kc_shortcode kc_single_image\">\n\n        <img src=\"https:\/\/birdilektut.org\/en\/wp-content\/uploads\/2018\/06\/BPCastrol-322x322.png\" class=\"\" alt=\"\" \/>    <\/div>\n<\/div><\/div><div class=\"kc-elm kc-css-272747 kc_col-sm-2 kc_column kc_col-sm-2\"><div class=\"kc-col-container\"><div class=\"kc-elm kc-css-295128 kc_shortcode kc_single_image\">\n\n        <img src=\"https:\/\/birdilektut.org\/en\/wp-content\/uploads\/2018\/06\/1000005.jpg\" class=\"\" alt=\"\" \/>    <\/div>\n<\/div><\/div><div class=\"kc-elm kc-css-750388 kc_col-sm-2 kc_column kc_col-sm-2\"><div class=\"kc-col-container\"><div class=\"kc-elm kc-css-693102 kc_shortcode kc_single_image\">\n\n        <img src=\"https:\/\/birdilektut.org\/en\/wp-content\/uploads\/2018\/06\/bcglogo.jpg\" class=\"\" alt=\"\" \/>    <\/div>\n<\/div><\/div><div class=\"kc-elm kc-css-154491 kc_col-sm-2 kc_column kc_col-sm-2\"><div class=\"kc-col-container\"><div class=\"kc-elm kc-css-956841 kc_shortcode kc_single_image\">\n\n        <img src=\"https:\/\/birdilektut.org\/en\/wp-content\/uploads\/2018\/06\/chubb_416x416.jpg\" class=\"\" alt=\"\" \/>    <\/div>\n<\/div><\/div><div class=\"kc-elm kc-css-560434 kc_col-sm-2 kc_column kc_col-sm-2\"><div class=\"kc-col-container\"><div class=\"kc-elm kc-css-100806 kc_shortcode kc_single_image\">\n\n        <img src=\"https:\/\/birdilektut.org\/en\/wp-content\/uploads\/2018\/06\/unilever-logo.png\" class=\"\" alt=\"\" \/>    <\/div>\n<\/div><\/div><\/div><\/div><\/section><section class=\"kc-elm kc-css-279708 kc_row\"><div class=\"kc-row-container  kc-container\"><div class=\"kc-wrap-columns\"><div class=\"kc-elm kc-css-774095 kc_col-sm-2 kc_column kc_col-sm-2\"><div class=\"kc-col-container\"><div class=\"kc-elm kc-css-332363 kc_shortcode kc_single_image\">\n\n        <img src=\"https:\/\/birdilektut.org\/en\/wp-content\/uploads\/2018\/06\/pasha_bank_logo_eng_171214-e1465198605822.jpg\" class=\"\" alt=\"\" \/>    <\/div>\n<\/div><\/div><div class=\"kc-elm kc-css-37252 kc_col-sm-2 kc_column kc_col-sm-2\"><div class=\"kc-col-container\"><\/div><\/div><div class=\"kc-elm kc-css-669336 kc_col-sm-2 kc_column kc_col-sm-2\"><div class=\"kc-col-container\"><\/div><\/div><div class=\"kc-elm kc-css-970271 kc_col-sm-2 kc_column kc_col-sm-2\"><div class=\"kc-col-container\"><\/div><\/div><div class=\"kc-elm kc-css-111463 kc_col-sm-2 kc_column kc_col-sm-2\"><div class=\"kc-col-container\"><\/div><\/div><div class=\"kc-elm kc-css-29071 kc_col-sm-2 kc_column kc_col-sm-2\"><div class=\"kc-col-container\"><\/div><\/div><\/div><\/div><\/section><section class=\"kc-elm kc-css-429764 kc_row\"><div class=\"kc-row-container  kc-container\"><div class=\"kc-wrap-columns\"><div class=\"kc-elm kc-css-465795 kc_col-sm-6 kc_column kc_col-sm-6\"><div class=\"kc-col-container\"><\/div><\/div><div class=\"kc-elm kc-css-993934 kc_col-sm-6 kc_column kc_col-sm-6\"><div class=\"kc-col-container\">\n<div class=\"kc-elm kc-css-116893 kc-title-wrap \">\n\n\t<h2 class=\"kc_title\">We Challenge You<\/h2>\n<\/div>\n<div class=\"kc-elm kc-css-862720 kc_text_block\"><\/p>\n<p>\nSizler de bir \u00e7ocu\u011fun hayata tutunmas\u0131na katk\u0131da bulunmak i\u00e7in, l\u00fctfen bizimle ileti\u015fime ge\u00e7in.<\/p>\n<p>\n<\/div>\n<div class=\"kc-elm kc-css-852612\">\n\t<a class=\"kc_button\" href=\"mailto:zeynep@birdilektut.org\" target=\"_blank\" title=\"\" onclick=\"\">\n\t\t\u0130leti\u015fime Ge\u00e7 <i class=\"fa-angle-right\"><\/i>\t<\/a>\n<\/div>\n<\/div><\/div><\/div><\/div><\/section><\/p>\n","protected":false},"excerpt":{"rendered":"","protected":false},"author":1,"featured_media":0,"parent":0,"menu_order":0,"comment_status":"closed","ping_status":"closed","template":"","meta":{"spay_email":""},"_links":{"self":[{"href":"https:\/\/birdilektut.org\/en\/wp-json\/wp\/v2\/pages\/2255"}],"collection":[{"href":"https:\/\/birdilektut.org\/en\/wp-json\/wp\/v2\/pages"}],"about":[{"href":"https:\/\/birdilektut.org\/en\/wp-json\/wp\/v2\/types\/page"}],"author":[{"embeddable":true,"href":"https:\/\/birdilektut.org\/en\/wp-json\/wp\/v2\/users\/1"}],"replies":[{"embeddable":true,"href":"https:\/\/birdilektut.org\/en\/wp-json\/wp\/v2\/comments?post=2255"}],"version-history":[{"count":29,"href":"https:\/\/birdilektut.org\/en\/wp-json\/wp\/v2\/pages\/2255\/revisions"}],"predecessor-version":[{"id":2506,"href":"https:\/\/birdilektut.org\/en\/wp-json\/wp\/v2\/pages\/2255\/revisions\/2506"}],"wp:attachment":[{"href":"https:\/\/birdilektut.org\/en\/wp-json\/wp\/v2\/media?parent=2255"}],"curies":[{"name":"wp","href":"https:\/\/api.w.org\/{rel}","templated":true}]}}