{"id":984,"date":"2017-08-01T11:47:25","date_gmt":"2017-08-01T11:47:25","guid":{"rendered":"http:\/\/www.erkan.space\/birdilektut\/?page_id=984"},"modified":"2021-08-04T22:18:40","modified_gmt":"2021-08-04T19:18:40","slug":"about-us","status":"publish","type":"page","link":"https:\/\/birdilektut.org\/en\/about-us\/","title":{"rendered":"ABOUT US"},"content":{"rendered":"<p><section class=\"kc-elm kc-css-652918 kc_row\"><div class=\"kc-row-container  kc-container\"><div class=\"kc-wrap-columns\"><div class=\"kc-elm kc-css-737753 kc_col-sm-12 kc_column kc_col-sm-12\"><div class=\"kc-col-container\"><div class=\"kc-elm kc-css-88414 kc_row kc_row_inner\"><div class=\"kc-elm kc-css-886798 kc_col-sm-6 kc_column_inner kc_col-sm-6\"><div class=\"kc_wrapper kc-col-inner-container\"><div class=\"kc-elm kc-css-374831\" style=\"height: 20px; clear: both; width:100%;\"><\/div>\n<div class=\"kc-elm kc-css-851796 kc-title-wrap \">\n\n\t<h2 class=\"kc_title\">About Us<\/h2>\n<\/div>\n<div class=\"kc-elm kc-css-746147 kc_text_block\"><\/p>\n<p>Bir Dilek Tut Derne\u011fi, Make-A-Wish\u00ae T\u00fcrkiye grants the one-true-wish of children with life-threatening diseases, between the ages of 3 and 18.\u00a0A wish experience can be a game-changer for a child with a critical illness. It also gives the parents some hope along with a chance to share a very special memory with their children.<\/p>\n<p>Bir Dilek Tut Derne\u011fi, Make-A-Wish\u00ae T\u00fcrkiye aims to transform lives, one-wish-at-a-time, by enriching the human experience with hope, strength and joy.<\/p>\n<p>\n<\/div><\/div><\/div><div class=\"kc-elm kc-css-51534 kc_col-sm-6 kc_column_inner kc_col-sm-6\"><div class=\"kc_wrapper kc-col-inner-container\"><div class=\"kc-elm kc-css-410222 kc_shortcode kc_single_image\">\n\n        <img src=\"http:\/\/birdilektut.org\/wp-content\/uploads\/2021\/03\/IMG_8731.jpg\" class=\"\" alt=\"\" \/>    <\/div>\n<div class=\"kc-elm kc-css-321884\" style=\"height: 51px; clear: both; width:100%;\"><\/div><\/div><\/div><\/div><\/div><\/div><\/div><\/div><\/section><section class=\"kc-elm kc-css-127492 kc_row\"><div class=\"kc-row-container  kc-container\"><div class=\"kc-wrap-columns\"><div class=\"kc-elm kc-css-27222 kc_col-sm-12 kc_column kc_col-sm-12\"><div class=\"kc-col-container\">\n<div class=\"kc-elm kc-css-138909 kc-title-wrap \">\n\n\t<h2 class=\"kc_title\">Our Team<\/h2>\n<\/div>\n<div class=\"kc-elm kc-css-582638 kc_row kc_row_inner\"><div class=\"kc-elm kc-css-35082 kc_col-sm-6 kc_column_inner kc_col-sm-6\"><div class=\"kc_wrapper kc-col-inner-container\">\n<div class=\"kc-elm kc-css-454397 kc-testimo kc-testi-layout-2\">\n\n\t<div class=\"content-title\">F\u00fcsun KURAN<\/div><div class=\"content-position\">CEO<\/div><div class=\"content-desc\">TEL: 0 212 259 83 83 <BR>\r\nfusun@makeawish.org.tr<\/div>\n<\/div>\n<\/div><\/div><div class=\"kc-elm kc-css-309423 kc_col-sm-6 kc_column_inner kc_col-sm-6\"><div class=\"kc_wrapper kc-col-inner-container\">\n<div class=\"kc-elm kc-css-771831 kc-testimo kc-testi-layout-2\">\n\n\t<div class=\"content-title\">Ye\u015fim SE\u00c7K\u0130N<\/div><div class=\"content-position\">Fundraising Director <\/div><div class=\"content-desc\">TEL: 0 212 259 83 83 <br>\r\nyesim@makeawish.org.tr<\/div>\n<\/div>\n<\/div><\/div><\/div><div class=\"kc-elm kc-css-217900 kc_row kc_row_inner\"><div class=\"kc-elm kc-css-992161 kc_col-sm-6 kc_column_inner kc_col-sm-6\"><div class=\"kc_wrapper kc-col-inner-container\">\n<div class=\"kc-elm kc-css-275723 kc-testimo kc-testi-layout-2\">\n\n\t<div class=\"content-title\">Semra BAH\u00c7EKAPILI<\/div><div class=\"content-position\">Office Coordinator<\/div><div class=\"content-desc\"><BR>\r\nTEL:   &nbsp; 0 212 259 83 83\r\n\r\n<BR><\/div>\n<\/div>\n<\/div><\/div><div class=\"kc-elm kc-css-909573 kc_col-sm-6 kc_column_inner kc_col-sm-6\"><div class=\"kc_wrapper kc-col-inner-container\">\n<div class=\"kc-elm kc-css-279241 kc-testimo kc-testi-layout-2\">\n\n\t<div class=\"content-title\">Asl\u0131 BATTAL \u00d6ZER<\/div><div class=\"content-position\">Volunteer Coordinator<\/div><div class=\"content-desc\">TEL: 0 212 259 83 83<BR>\r\nasli@birdilektut.org\r\n<\/div>\n<\/div>\n<\/div><\/div><\/div><div class=\"kc-elm kc-css-337934 kc_row kc_row_inner\"><div class=\"kc-elm kc-css-859302 kc_col-sm-6 kc_column_inner kc_col-sm-6\"><div class=\"kc_wrapper kc-col-inner-container\">\n<div class=\"kc-elm kc-css-419552 kc-testimo kc-testi-layout-2\">\n\n\t<div class=\"content-title\">Maide KABA<\/div><div class=\"content-position\">Digital Specialist<\/div><div class=\"content-desc\">TEL: 0 212 259 83 83 <br>\r\nmaide@makeawish.org.tr<\/div>\n<\/div>\n<\/div><\/div><div class=\"kc-elm kc-css-661263 kc_col-sm-6 kc_column_inner kc_col-sm-6\"><div class=\"kc_wrapper kc-col-inner-container\">\n<div class=\"kc-elm kc-css-829419 kc-testimo kc-testi-layout-2\">\n\n\t<div class=\"content-title\">Emrah G\u00dcND\u00dcZ<\/div><div class=\"content-position\">Wish Coordinator<\/div><div class=\"content-desc\">TEL: 0 212 259 83 83 <br>\r\nemrah@makeawish.org.tr<\/div>\n<\/div>\n<\/div><\/div><\/div><\/div><\/div><\/div><\/div><\/section><section class=\"kc-elm kc-css-173189 kc_row\"><div class=\"kc-row-container  kc-container\"><div class=\"kc-wrap-columns\"><div class=\"kc-elm kc-css-942561 kc_col-sm-12 kc_column kc_col-sm-12\"><div class=\"kc-col-container\">\n<div class=\"kc-elm kc-css-959849 kc-title-wrap \">\n\n\t<h2 class=\"kc_title\">Our Board<\/h2>\n<\/div>\n<div class=\"kc-elm kc-css-536968 kc_row kc_row_inner\"><div class=\"kc-elm kc-css-596226 kc_col-sm-6 kc_column_inner kc_col-sm-6\"><div class=\"kc_wrapper kc-col-inner-container\">\n<div class=\"kc-elm kc-css-835924 kc-testimo kc-testi-layout-2\">\n\n\t<div class=\"content-title\">Lize Karabo\u011fa Kaptan<\/div><div class=\"content-position\">Chairwoman<\/div>\n<\/div>\n<\/div><\/div><div class=\"kc-elm kc-css-845051 kc_col-sm-6 kc_column_inner kc_col-sm-6\"><div class=\"kc_wrapper kc-col-inner-container\">\n<div class=\"kc-elm kc-css-936003 kc-testimo kc-testi-layout-2\">\n\n\t<div class=\"content-title\">Emine \u00c7ubuk\u00e7u<\/div><div class=\"content-position\">Vice Chairwoman<\/div>\n<\/div>\n<\/div><\/div><\/div><div class=\"kc-elm kc-css-808290 kc_row kc_row_inner\"><div class=\"kc-elm kc-css-67081 kc_col-sm-6 kc_column_inner kc_col-sm-6\"><div class=\"kc_wrapper kc-col-inner-container\">\n<div class=\"kc-elm kc-css-528260 kc-testimo kc-testi-layout-2\">\n\n\t<div class=\"content-title\">Burak Tansan<\/div><div class=\"content-position\">Treasurer<\/div>\n<\/div>\n<\/div><\/div><div class=\"kc-elm kc-css-88026 kc_col-sm-6 kc_column_inner kc_col-sm-6\"><div class=\"kc_wrapper kc-col-inner-container\">\n<div class=\"kc-elm kc-css-485040 kc-testimo kc-testi-layout-2\">\n\n\t<div class=\"content-title\">Hilal Merter<\/div><div class=\"content-position\">General Secretary<\/div>\n<\/div>\n<\/div><\/div><\/div><div class=\"kc-elm kc-css-166875 kc_row kc_row_inner\"><div class=\"kc-elm kc-css-697782 kc_col-sm-6 kc_column_inner kc_col-sm-6\"><div class=\"kc_wrapper kc-col-inner-container\">\n<div class=\"kc-elm kc-css-457721 kc-testimo kc-testi-layout-2\">\n\n\t<div class=\"content-title\">Ata K\u00f6seo\u011flu<\/div><div class=\"content-position\">Board Member<\/div>\n<\/div>\n<\/div><\/div><div class=\"kc-elm kc-css-46363 kc_col-sm-6 kc_column_inner kc_col-sm-6\"><div class=\"kc_wrapper kc-col-inner-container\">\n<div class=\"kc-elm kc-css-299507 kc-testimo kc-testi-layout-2\">\n\n\t<div class=\"content-title\">Murat Ye\u015fildere<\/div><div class=\"content-position\">Board Member<\/div>\n<\/div>\n<\/div><\/div><\/div><div class=\"kc-elm kc-css-560375 kc_row kc_row_inner\"><div class=\"kc-elm kc-css-952014 kc_col-sm-4 kc_column_inner kc_col-sm-4\"><div class=\"kc_wrapper kc-col-inner-container\"><\/div><\/div><div class=\"kc-elm kc-css-131602 kc_col-sm-4 kc_column_inner kc_col-sm-4\"><div class=\"kc_wrapper kc-col-inner-container\">\n<div class=\"kc-elm kc-css-638797 kc-testimo kc-testi-layout-2\">\n\n\t<div class=\"content-title\">Sinan Ceylan<\/div><div class=\"content-position\">Board Member<\/div>\n<\/div>\n<\/div><\/div><div class=\"kc-elm kc-css-905712 kc_col-sm-4 kc_column_inner kc_col-sm-4\"><div class=\"kc_wrapper kc-col-inner-container\"><\/div><\/div><\/div><\/div><\/div><\/div><\/div><\/section><section data-kc-equalheight=\"true\" data-kc-equalheight-align=\"top\" class=\"kc-elm kc-css-873406 kc_row\"><div class=\"kc-row-container\"><div class=\"kc-wrap-columns\"><div class=\"kc-elm kc-css-512208 kc_col-sm-4 kc_column kc_col-sm-4\"><div class=\"kc-col-container\"><div class=\"kc-elm kc-css-518552 kc_shortcode kc_single_image\">\n\n        <img src=\"https:\/\/birdilektut.org\/en\/wp-content\/uploads\/2018\/01\/chris-creicius-photo.jpg\" class=\"\" alt=\"\" \/>    <\/div>\n<\/div><\/div><div class=\"kc-elm kc-css-372339 kc_col-sm-8 kc_column kc_col-sm-8\"><div class=\"kc-col-container\">\n<div class=\"kc-elm kc-css-298363 kc-title-wrap \">\n\n\t<h2 class=\"kc_title\">How Did it All Begin?<\/h2>\n<\/div>\n<div class=\"kc-elm kc-css-981631 kc_text_block\"><\/p>\n<p style=\"margin-top: 0px; margin-bottom: 0px; font-stretch: normal;\"><span style=\"font-style: inherit;\">In 1980<\/span>, Christopher James Grecious, a 7-year-old boy who lived in the United States and was battling severe leukemia, made a wish. His biggest dream was to grow up and become a cop. Realizing that, his mother, some friends and the Phoenix Police Department came together to grant him this wish. They started by preparing him a uniform, a police cap and a police ID. On the day of the wish, Chris got into a police car, a police motorcycle and even tried a police helicopter. He was also awarded a police badge after passing an entrance exam that was prepared especially for him.<\/p>\n<p style=\"margin-top: 0px; margin-bottom: 0px; font-stretch: normal;\">Two days later, the world lost Chris, and for the first time in the United States a civilian official funeral was held. Chris\u2019s wish later inspired the creation of Make-A-Wish.<\/p>\n<p style=\"margin-top: 0px; margin-bottom: 0px; font-stretch: normal;\">Today, Make-A-Wish is the largest wish fulfillment organization in the world. It carries out its activities on an international level with branches operating in 50 countries.<\/p>\n<p style=\"margin-top: 0px; margin-bottom: 0px; font-stretch: normal;\">Make-A-Wish fulfills the wishes of 30,000 children every year with the help of more than 40,000 volunteers.<\/p>\n<p>\n<\/div><div class=\"kc-elm kc-css-495587\" style=\"height: 20px; clear: both; width:100%;\"><\/div>\n<div class=\"kc-elm kc-css-305625\">\n\t<a class=\"kc_button\" href=\"http:\/\/www.worldwish.org\" target=\"_blank\" title=\"\" onclick=\"\">\n\t\tMAW Global\t<\/a>\n<\/div>\n<div class=\"kc-elm kc-css-147217\" style=\"height: 36px; clear: both; width:100%;\"><\/div><\/div><\/div><\/div><\/div><\/section><section class=\"kc-elm kc-css-245379 kc_row\"><div class=\"kc-row-container  kc-container\"><div class=\"kc-wrap-columns\"><div class=\"kc-elm kc-css-478076 kc_col-sm-12 kc_column kc_col-sm-12\"><div class=\"kc-col-container\"><div class=\"kc-elm kc-css-397542 kc_row kc_row_inner\"><div class=\"kc-elm kc-css-124723 kc_col-sm-12 kc_column_inner kc_col-sm-12\"><div class=\"kc_wrapper kc-col-inner-container\"><div class=\"kc-elm kc-css-706578\" style=\"height: 40px; clear: both; width:100%;\"><\/div>\n<div class=\"kc-elm kc-css-234587 kc-title-wrap \">\n\n\t<h2 class=\"kc_title\">How did it begin in Turkey?<\/h2>\n<\/div>\n<div class=\"kc-elm kc-css-626035 kc_text_block\"><\/p>\n<p>Bir Dilek Tut Derne\u011fi was established in Turkey in 2000.<\/p>\n<p>We became an affiliate of Make-A-Wish in 2009 and we\u2019ve granted over 4,707 wishes since the establishment.<\/p>\n<p>We capture wishes everywhere in Turkey with a rate of 200 wishes granted annually.<\/p>\n<p>\n<\/div><div class=\"kc-elm kc-css-168450\" style=\"height: 40px; clear: both; width:100%;\"><\/div><\/div><\/div><\/div><\/div><\/div><\/div><\/div><\/section><section class=\"kc-elm kc-css-445461 kc_row\"><div class=\"kc-row-container  kc-container\"><div class=\"kc-wrap-columns\"><div class=\"kc-elm kc-css-586000 kc_col-sm-12 kc_column kc_col-sm-12\"><div class=\"kc-col-container\"><div class=\"kc-elm kc-css-942223 kc_row kc_row_inner\"><div class=\"kc-elm kc-css-19538 kc_col-sm-12 kc_column_inner kc_col-sm-12\"><div class=\"kc_wrapper kc-col-inner-container\"><div class=\"kc-elm kc-css-980107\" style=\"height: 40px; clear: both; width:100%;\"><\/div><\/div><\/div><\/div><div class=\"kc-elm kc-css-745209 kc_row kc_row_inner\"><div class=\"kc-elm kc-css-182039 kc_col-sm-4 kc_column_inner kc_col-sm-4\"><div class=\"kc_wrapper kc-col-inner-container\"><div class=\"kc-elm kc-css-326656 kc-feature-boxes kc-fb-layout-1\">\n\n\t<div class=\"content-icon\"><i class=\"sk-layers\"><\/i><\/div><div class=\"content-title\">Activity Report<\/div><div class=\"content-desc\">You can view and download our 2018 activity report from here. \r\n<\/div><div class=\"content-button\"><a href=\"http:\/\/birdilektut.org\/wp-content\/uploads\/2019\/08\/maw_kasim_faaliyetraporu_04_LR.pdf\" target=\"_self\" title=\"\">Read Our Activity Report<\/a><\/div>\n<\/div>\n<\/div><\/div><div class=\"kc-elm kc-css-71767 kc_col-sm-4 kc_column_inner kc_col-sm-4\"><div class=\"kc_wrapper kc-col-inner-container\"><div class=\"kc-elm kc-css-457150 kc-feature-boxes kc-fb-layout-1\">\n\n\t<div class=\"content-icon\"><i class=\"et-tools\"><\/i><\/div><div class=\"content-title\">Transparency<\/div><div class=\"content-desc\">In accordance with A\u00e7\u0131k A\u00e7\u0131k, you can examine our expenses and income tables from here.<\/div><div class=\"content-button\"><a href=\"https:\/\/acikacik.org\/sivil-toplum-kurulusu\/bir-dilek-tut-dernegi\" target=\"_self\" title=\"\">Examine<\/a><\/div>\n<\/div>\n<\/div><\/div><div class=\"kc-elm kc-css-432928 kc_col-sm-4 kc_column_inner kc_col-sm-4\"><div class=\"kc_wrapper kc-col-inner-container\"><div class=\"kc-elm kc-css-581827 kc-feature-boxes kc-fb-layout-1\">\n\n\t<div class=\"content-icon\"><i class=\"et-lightbulb\"><\/i><\/div><div class=\"content-title\">Protection of Personal Data<\/div><div class=\"content-desc\">To view our protection of personal data code please press here.<\/div><div class=\"content-button\"><a href=\"http:\/\/birdilektut.org\/wp-content\/uploads\/2018\/06\/Make-a-Wish_Ayd\u0131nlatma-Metni_18062018_BB1.pdf\" target=\"_self\" title=\"\">Personal Data Protection <\/a><\/div>\n<\/div>\n<\/div><\/div><\/div><div class=\"kc-elm kc-css-683780\" style=\"height: 40px; clear: both; width:100%;\"><\/div><\/div><\/div><\/div><\/div><\/section><\/p>\n","protected":false},"excerpt":{"rendered":"","protected":false},"author":1,"featured_media":0,"parent":0,"menu_order":0,"comment_status":"closed","ping_status":"closed","template":"","meta":{"spay_email":""},"_links":{"self":[{"href":"https:\/\/birdilektut.org\/en\/wp-json\/wp\/v2\/pages\/984"}],"collection":[{"href":"https:\/\/birdilektut.org\/en\/wp-json\/wp\/v2\/pages"}],"about":[{"href":"https:\/\/birdilektut.org\/en\/wp-json\/wp\/v2\/types\/page"}],"author":[{"embeddable":true,"href":"https:\/\/birdilektut.org\/en\/wp-json\/wp\/v2\/users\/1"}],"replies":[{"embeddable":true,"href":"https:\/\/birdilektut.org\/en\/wp-json\/wp\/v2\/comments?post=984"}],"version-history":[{"count":212,"href":"https:\/\/birdilektut.org\/en\/wp-json\/wp\/v2\/pages\/984\/revisions"}],"predecessor-version":[{"id":2702,"href":"https:\/\/birdilektut.org\/en\/wp-json\/wp\/v2\/pages\/984\/revisions\/2702"}],"wp:attachment":[{"href":"https:\/\/birdilektut.org\/en\/wp-json\/wp\/v2\/media?parent=984"}],"curies":[{"name":"wp","href":"https:\/\/api.w.org\/{rel}","templated":true}]}}