{"id":986,"date":"2017-08-01T11:48:31","date_gmt":"2017-08-01T11:48:31","guid":{"rendered":"http:\/\/www.erkan.space\/birdilektut\/?page_id=986"},"modified":"2021-03-24T17:03:13","modified_gmt":"2021-03-24T17:03:13","slug":"wish-children","status":"publish","type":"page","link":"https:\/\/birdilektut.org\/en\/wish-children\/","title":{"rendered":"WISH CHILDREN"},"content":{"rendered":"<p><section class=\"kc-elm kc-css-275026 kc_row\"><div class=\"kc-row-container  kc-container\"><div class=\"kc-wrap-columns\"><div class=\"kc-elm kc-css-133627 kc_col-sm-12 kc_column kc_col-sm-12\"><div class=\"kc-col-container\"><div class=\"kc-elm kc-css-102517 kc_row kc_row_inner\"><div class=\"kc-elm kc-css-752965 kc_col-sm-12 kc_column_inner kc_col-sm-12\"><div class=\"kc_wrapper kc-col-inner-container\">\n<div class=\"kc-elm kc-css-555441 kc-title-wrap \">\n\n\t<h2 class=\"kc_title\">Who Are Wish Children?<\/h2>\n<\/div>\n<div class=\"kc-elm kc-css-853710 kc_text_block\"><\/p>\n<p>Children between the ages of 3 to 18 years old and struggling with a life-threatening disease, and are able to express themselves verbally or in writing can apply to Make-A-Wish Foundation. Of those whose illness is approved by their doctors are considered to be &#8220;Wish Children\".<\/p>\n<p>\n<\/div><\/div><\/div><\/div><\/div><\/div><\/div><\/div><\/section><section class=\"kc-elm kc-css-30949 kc_row\"><div class=\"kc-row-container  kc-container\"><div class=\"kc-wrap-columns\"><div class=\"kc-elm kc-css-497696 kc_col-sm-8 kc_column kc_col-sm-8\"><div class=\"kc-col-container\">\n<div class=\"kc-elm kc-css-857810 kc-title-wrap \">\n\n\t<h2 class=\"kc_title\">Diseases<\/h2>\n<\/div>\n<div class=\"kc-elm kc-css-306654 kc_text_block\"><\/p>\n<ul>\n<li>Hematology Department Patients (Thalassemia Major, Sickle Cell Anemia, etc.)<\/li>\n<li>Oncology Department Patients (All Cancer Diseases)<\/li>\n<li>Neurology Department Patients (Muscular Dystrophy, Brain Tumor, etc.)<\/li>\n<li>Chest Diseases Department Patients (Lung, Cystic Fibrosis, etc.)<\/li>\n<li>Cardiology Department Patients (Cardiomyopathy, Congestive Heart Failure etc.)<\/li>\n<li>Internal Diseases Department Patients (AIDS, Severe Immune Deficiency etc.)<\/li>\n<li>Nephrology Department Patients (Renal Failure etc.)<\/li>\n<\/ul>\n<p>\n<\/div><\/div><\/div><div class=\"kc-elm kc-css-665601 kc_col-sm-4 kc_column kc_col-sm-4\"><div class=\"kc-col-container\"><div class=\"kc-elm kc-css-102384 kc_shortcode kc_single_image\">\n\n        <img src=\"https:\/\/birdilektut.org\/en\/wp-content\/uploads\/2021\/03\/MAW-Branded-Icon-Health.png\" class=\"\" alt=\"\" \/>    <\/div>\n<\/div><\/div><\/div><\/div><\/section><section class=\"kc-elm kc-css-580389 kc_row\"><div class=\"kc-row-container  kc-container\"><div class=\"kc-wrap-columns\"><div class=\"kc-elm kc-css-368638 kc_col-sm-12 kc_column kc_col-sm-12\"><div class=\"kc-col-container\">\n<div class=\"kc-elm kc-css-657375 kc-title-wrap \">\n\n\t<h3 class=\"kc_title\">Grant Life-Changing Wishes With Your Next Donation!<\/h3>\n<\/div>\n<div class=\"kc-elm kc-css-246579 kc_text_block\"><\/p>\n<p>If you wish to be the &#039;Wish Superhero&#039; that helps in making children feel more attached to life, you can support us by donating here.<\/p>\n<p>\n<\/div>\n<div class=\"kc-elm kc-css-979555\">\n\t<a class=\"kc_button\" href=\"https:\/\/fonzip.com\/birdilektut\/bagis\/#\/\" target=\"_blank\" title=\"\" onclick=\"\">\n\t\tDonate Now\t<\/a>\n<\/div>\n<\/div><\/div><\/div><\/div><\/section><section class=\"kc-elm kc-css-941413 kc_row\"><div class=\"kc-row-container  kc-container\"><div class=\"kc-wrap-columns\"><div class=\"kc-elm kc-css-109719 kc_col-sm-12 kc_column kc_col-sm-12\"><div class=\"kc-col-container\"><div class=\"kc-elm kc-css-274101 kc_row kc_row_inner\"><div class=\"kc-elm kc-css-753443 kc_col-sm-7 kc_column_inner kc_col-sm-7\"><div class=\"kc_wrapper kc-col-inner-container\">\n<div class=\"kc-elm kc-css-114228 kc-title-wrap \">\n\n\t<h2 class=\"kc_title\">Yetki \u00c7er\u00e7evemiz<\/h2>\n<\/div>\n<div class=\"kc-elm kc-css-753210 kc_text_block\"><\/p>\n<p>\nBir Dilek Tut\u00a0Make-A-Wish\u00ae\u00a0Derne\u011fi hayati tehlike ta\u015f\u0131yan bir hastal\u0131kla m\u00fccadele eden 3 ila 18 ya\u015f aras\u0131 \u00e7ocuklar\u0131n kalplerinde ya\u015fatt\u0131klar\u0131 dilekleri ger\u00e7ekle\u015ftirmektedir. Dile\u011finin ger\u00e7e\u011fe d\u00f6n\u00fc\u015ft\u00fc\u011f\u00fcn\u00fc g\u00f6rmek bir \u00e7ocuk i\u00e7in unutulmaz bir deneyimdir; \u00f6zellikle de hasta olan bir \u00e7ocuk i\u00e7in. Anne-babalar i\u00e7in ise \u00f6zel bir an\u0131 yaratman\u0131n zaman\u0131d\u0131r; belleklerde hep yer edecek bir an\u0131.<\/p>\n<p>Bir Dilek Tut\u00a0Make-A-Wish\u00ae\u00a0Derne\u011fi&#039;nin\u00a0amac\u0131 insanlar\u0131n umut, dayanma g\u00fcc\u00fc ve sevin\u00e7 duygular\u0131n\u0131 g\u00fc\u00e7lendirmektir.<\/p>\n<p>\n<\/div><\/div><\/div><div class=\"kc-elm kc-css-3178 kc_col-sm-5 kc_column_inner kc_col-sm-5\"><div class=\"kc_wrapper kc-col-inner-container\"><div class=\"kc-elm kc-css-210334 kc_shortcode kc_single_image\">\n\n        <img src=\"https:\/\/birdilektut.org\/en\/wp-content\/uploads\/2016\/04\/bg-img30.jpg\" class=\"\" alt=\"\" \/>    <\/div>\n<\/div><\/div><\/div><\/div><\/div><\/div><\/div><\/section><section class=\"kc-elm kc-css-513733 kc_row\"><div class=\"kc-row-container  kc-container\"><div class=\"kc-wrap-columns\"><div class=\"kc-elm kc-css-119049 kc_col-sm-12 kc_column kc_col-sm-12\"><div class=\"kc-col-container\"><div class=\"kc-elm kc-css-29330\" style=\"height: 50px; clear: both; width:100%;\"><\/div><\/div><\/div><\/div><\/div><\/section><\/p>\n","protected":false},"excerpt":{"rendered":"","protected":false},"author":1,"featured_media":0,"parent":0,"menu_order":0,"comment_status":"closed","ping_status":"closed","template":"","meta":{"spay_email":""},"_links":{"self":[{"href":"https:\/\/birdilektut.org\/en\/wp-json\/wp\/v2\/pages\/986"}],"collection":[{"href":"https:\/\/birdilektut.org\/en\/wp-json\/wp\/v2\/pages"}],"about":[{"href":"https:\/\/birdilektut.org\/en\/wp-json\/wp\/v2\/types\/page"}],"author":[{"embeddable":true,"href":"https:\/\/birdilektut.org\/en\/wp-json\/wp\/v2\/users\/1"}],"replies":[{"embeddable":true,"href":"https:\/\/birdilektut.org\/en\/wp-json\/wp\/v2\/comments?post=986"}],"version-history":[{"count":46,"href":"https:\/\/birdilektut.org\/en\/wp-json\/wp\/v2\/pages\/986\/revisions"}],"predecessor-version":[{"id":2090,"href":"https:\/\/birdilektut.org\/en\/wp-json\/wp\/v2\/pages\/986\/revisions\/2090"}],"wp:attachment":[{"href":"https:\/\/birdilektut.org\/en\/wp-json\/wp\/v2\/media?parent=986"}],"curies":[{"name":"wp","href":"https:\/\/api.w.org\/{rel}","templated":true}]}}